{"id":89,"date":"2018-04-13T10:28:55","date_gmt":"2018-04-13T10:28:55","guid":{"rendered":"http:\/\/pestcontrol.safecleantenerife.net?page_id=89"},"modified":"2020-10-01T07:54:10","modified_gmt":"2020-10-01T07:54:10","slug":"safe-clean-tenerife-control-de-plagas-en-tenerife-sur","status":"publish","type":"page","link":"https:\/\/safecleantenerife.net\/es\/safe-clean-tenerife-control-de-plagas-en-tenerife-sur","title":{"rendered":"SafeClean Tenerife"},"content":{"rendered":"<section class=\"l-section wpb_row height_medium\"><div class=\"l-section-h i-cf\"><div class=\"g-cols vc_row type_default valign_top\"><div class=\"vc_col-sm-12 wpb_column vc_column_container\"><div class=\"vc_column-inner\"><div class=\"wpb_wrapper\"><div class=\"g-cols wpb_row type_default valign_top vc_inner \"><div class=\"vc_col-sm-8 wpb_column vc_column_container\"><div class=\"vc_column-inner\"><div class=\"wpb_wrapper\">\n\t<div class=\"wpb_text_column \">\n\t\t<div class=\"wpb_wrapper\">\n\t\t\t<p>Totalmente establecido en Tenerife desde 1987, Safeclean es una empresa profesional de tapicer\u00eda, limpieza de alfombras y control de plagas que se enorgullece de la calidad del servicio que presta a todos sus clientes.<\/p>\n<p>Tambi\u00e9n ofrecemos limpieza de cristales y suelos dom\u00e9sticos y comerciales.<\/p>\n<p>La integridad,la honestidad y laconfianza son la filosof\u00eda de Safeclean y trata a sus clientes y proveedores de esta manera.<\/p>\n<p>Las cucarachas, hormigas y roedores son lugar com\u00fan en Tenerife y se pueden controlar con \u00a0tratamientos eficaces.<\/p>\n\n\t\t<\/div>\n\t<\/div>\n<\/div><\/div><\/div><div class=\"vc_col-sm-4 wpb_column vc_column_container\"><div class=\"vc_column-inner\"><div class=\"wpb_wrapper\"><div class=\"w-image align_left animate_afr d3\"><div class=\"w-image-h\"><img loading=\"lazy\" decoding=\"async\" width=\"1280\" height=\"853\" src=\"https:\/\/safecleantenerife.net\/wp-content\/uploads\/2018\/04\/ant-1127650_1280.jpg\" class=\"attachment-full size-full\" alt=\"\" srcset=\"https:\/\/safecleantenerife.net\/wp-content\/uploads\/2018\/04\/ant-1127650_1280.jpg 1280w, https:\/\/safecleantenerife.net\/wp-content\/uploads\/2018\/04\/ant-1127650_1280-300x200.jpg 300w, https:\/\/safecleantenerife.net\/wp-content\/uploads\/2018\/04\/ant-1127650_1280-768x512.jpg 768w, https:\/\/safecleantenerife.net\/wp-content\/uploads\/2018\/04\/ant-1127650_1280-1024x682.jpg 1024w\" sizes=\"(max-width: 1280px) 100vw, 1280px\" \/><\/div><\/div><\/div><\/div><\/div><\/div><div class=\"g-cols wpb_row type_default valign_top vc_inner \"><div class=\"vc_col-sm-4 wpb_column vc_column_container\"><div class=\"vc_column-inner\"><div class=\"wpb_wrapper\"><div class=\"w-image align_left animate_afr d3\"><div class=\"w-image-h\"><img loading=\"lazy\" decoding=\"async\" width=\"1280\" height=\"852\" src=\"https:\/\/safecleantenerife.net\/wp-content\/uploads\/2018\/04\/maikafer-1396520_1280.jpg\" class=\"attachment-full size-full\" alt=\"\" srcset=\"https:\/\/safecleantenerife.net\/wp-content\/uploads\/2018\/04\/maikafer-1396520_1280.jpg 1280w, https:\/\/safecleantenerife.net\/wp-content\/uploads\/2018\/04\/maikafer-1396520_1280-300x200.jpg 300w, https:\/\/safecleantenerife.net\/wp-content\/uploads\/2018\/04\/maikafer-1396520_1280-768x511.jpg 768w, https:\/\/safecleantenerife.net\/wp-content\/uploads\/2018\/04\/maikafer-1396520_1280-1024x682.jpg 1024w\" sizes=\"(max-width: 1280px) 100vw, 1280px\" \/><\/div><\/div><\/div><\/div><\/div><div class=\"vc_col-sm-8 wpb_column vc_column_container\"><div class=\"vc_column-inner\"><div class=\"wpb_wrapper\">\n\t<div class=\"wpb_text_column \">\n\t\t<div class=\"wpb_wrapper\">\n\t\t\t<p>El control de plagas es una necesidad legal para locales comerciales \u00a0y almacenamiento de productos alimenticios.<\/p>\n<p>Tratamos con eficacia muchos apartamentos y casas en alquiler eliminando todo tipo de plagas y garantizan el trabajo.<\/p>\n<p>De los hoteles a los hogares, nuestro servicio se extiende a los asientos y alfombras para empresas de autocares, bares, restaurantes y barcos. The Sunseeker Dealer, en Puerto colon es un cliente regular.<\/p>\n<p>Safeclean ofreceel mejor y m\u00e1scompetitivoservicio.<\/p>\n<p>Todas las \u00e1reas de la empresa est\u00e1n totalmente legal y tiene las licencias necesarias para el comercio.<\/p>\n<p>Si usted tiene alguna preocupaci\u00f3n, podemos concertar una cita o si usted desea un presupuesto para el trabajo, por favor no dude en contactar con nosotros.<\/p>\n\n\t\t<\/div>\n\t<\/div>\n<\/div><\/div><\/div><\/div><\/div><\/div><\/div><\/div><\/div><\/section>\n","protected":false},"excerpt":{"rendered":"Totalmente establecido en Tenerife desde 1987, Safeclean es una empresa profesional de tapicer\u00eda, limpieza de alfombras y control de plagas que se enorgullece de la calidad del servicio que presta a todos sus clientes. Tambi\u00e9n ofrecemos limpieza de cristales y suelos dom\u00e9sticos y comerciales. La integridad,la honestidad y laconfianza son la filosof\u00eda de Safeclean y...","protected":false},"author":1,"featured_media":0,"parent":0,"menu_order":0,"comment_status":"closed","ping_status":"closed","template":"","meta":{"footnotes":""},"_links":{"self":[{"href":"https:\/\/safecleantenerife.net\/es\/wp-json\/wp\/v2\/pages\/89"}],"collection":[{"href":"https:\/\/safecleantenerife.net\/es\/wp-json\/wp\/v2\/pages"}],"about":[{"href":"https:\/\/safecleantenerife.net\/es\/wp-json\/wp\/v2\/types\/page"}],"author":[{"embeddable":true,"href":"https:\/\/safecleantenerife.net\/es\/wp-json\/wp\/v2\/users\/1"}],"replies":[{"embeddable":true,"href":"https:\/\/safecleantenerife.net\/es\/wp-json\/wp\/v2\/comments?post=89"}],"version-history":[{"count":3,"href":"https:\/\/safecleantenerife.net\/es\/wp-json\/wp\/v2\/pages\/89\/revisions"}],"predecessor-version":[{"id":6304,"href":"https:\/\/safecleantenerife.net\/es\/wp-json\/wp\/v2\/pages\/89\/revisions\/6304"}],"wp:attachment":[{"href":"https:\/\/safecleantenerife.net\/es\/wp-json\/wp\/v2\/media?parent=89"}],"curies":[{"name":"wp","href":"https:\/\/api.w.org\/{rel}","templated":true}]}}