{"id":82,"date":"2018-04-13T10:21:05","date_gmt":"2018-04-13T10:21:05","guid":{"rendered":"http:\/\/pestcontrol.safecleantenerife.net?page_id=82"},"modified":"2023-01-10T07:42:31","modified_gmt":"2023-01-10T07:42:31","slug":"control-de-plagas-en-tenerife-sur","status":"publish","type":"page","link":"https:\/\/safecleantenerife.net\/es\/control-de-plagas-en-tenerife-sur","title":{"rendered":"Control de plagas en Tenerife Sur"},"content":{"rendered":"<section class=\"l-section wpb_row height_medium\"><div class=\"l-section-h i-cf\"><div class=\"g-cols vc_row type_default valign_top\"><div class=\"vc_col-sm-6 wpb_column vc_column_container\"><div class=\"vc_column-inner\"><div class=\"wpb_wrapper\"><div class=\"w-image align_left animate_afc d2\"><div class=\"w-image-h\"><img loading=\"lazy\" decoding=\"async\" width=\"388\" height=\"365\" src=\"https:\/\/safecleantenerife.net\/wp-content\/uploads\/2018\/04\/bichos1.jpg\" class=\"attachment-large size-large\" alt=\"\" srcset=\"https:\/\/safecleantenerife.net\/wp-content\/uploads\/2018\/04\/bichos1.jpg 388w, https:\/\/safecleantenerife.net\/wp-content\/uploads\/2018\/04\/bichos1-300x282.jpg 300w\" sizes=\"(max-width: 388px) 100vw, 388px\" \/><\/div><\/div><\/div><\/div><\/div><div class=\"vc_col-sm-6 wpb_column vc_column_container\"><div class=\"vc_column-inner\"><div class=\"wpb_wrapper\">\n\t<div class=\"wpb_text_column \">\n\t\t<div class=\"wpb_wrapper\">\n\t\t\t<p>Este servicio altamente cualificado y profesional est\u00e1 plenamente autorizado en conjunto con el Departamento de Salud Espa\u00f1ol ( Sanidad).<\/p>\n<p>Safeclean es la \u00fanica compa\u00f1\u00eda brit\u00e1nica legalmente autorizada para llevar a cabo Fumigaci\u00f3n y Control de Plagas y Tratamientos en Tenerife.<\/p>\n<p>Podemos emitir los certificados solicitados por los Gobiernos Locales para locales comerciales que se ocupan de los productos alimenticios.<\/p>\n<p>Los principales problemas que encontramos son las cucarachas. Hay muchos tipos y tienen diferentes h\u00e1bitats. La cr\u00eda es r\u00e1pida y los problemas pueden salirse de control sin un tratamiento de fumigaci\u00f3n en el lugar.<\/p>\n<p>Los problemas no s\u00f3lo se producen en las zonas sucias. Cocinas y apartamentos inmaculadas regularmente se infectan de productos tra\u00eddas del exterior o cucarachas que llegan de la vegetaci\u00f3n cercana. Tambi\u00e9n las tuber\u00edas de drenaje puede ser la causa de un problema importante.<\/p>\n\n\t\t<\/div>\n\t<\/div>\n<\/div><\/div><\/div><\/div><\/div><\/section><section class=\"l-section wpb_row height_medium\"><div class=\"l-section-h i-cf\"><div class=\"g-cols vc_row type_default valign_top\"><div class=\"vc_col-sm-6 wpb_column vc_column_container\"><div class=\"vc_column-inner\"><div class=\"wpb_wrapper\">\n\t<div class=\"wpb_text_column \">\n\t\t<div class=\"wpb_wrapper\">\n\t\t\t<p>Nuestros productos provienen de l\u00edderes de la industria y son los m\u00e1s eficaces en el mercado. No hay olores desagradables ni hay necesidad de interrumpir su negocio u hogar durante un tratamiento.<\/p>\n<p>(Nuestros t\u00e9cnicos les asesorar\u00e1n si tienen mascotas).<\/p>\n<p>Una vez m\u00e1s, empresas de alquiler usan este servicio una y otra vez junto con muchos bares y restaurantes.<\/p>\n<p>Todo los servicios de control de plagas est\u00e1 garantizado durante 12 meses.<\/p>\n<p>Cualquier tratamiento recurrente necesario sin coste adicional.<\/p>\n\n\t\t<\/div>\n\t<\/div>\n<\/div><\/div><\/div><div class=\"vc_col-sm-6 wpb_column vc_column_container\"><div class=\"vc_column-inner\"><div class=\"wpb_wrapper\"><div class=\"w-slider style_none\"><div class=\"w-slider-h\"><div class=\"royalSlider\"><div class=\"rsContent\"><a class=\"rsImg\" data-rsw=\"350\" data-rsh=\"350\" href=\"https:\/\/safecleantenerife.net\/wp-content\/uploads\/2018\/04\/1-350x350.jpg\"><\/a><\/div><div class=\"rsContent\"><a class=\"rsImg\" data-rsw=\"350\" data-rsh=\"350\" href=\"https:\/\/safecleantenerife.net\/wp-content\/uploads\/2018\/04\/010-1-350x350.jpg\"><\/a><\/div><div class=\"rsContent\"><a class=\"rsImg\" data-rsw=\"350\" data-rsh=\"350\" href=\"https:\/\/safecleantenerife.net\/wp-content\/uploads\/2018\/04\/7-350x350.jpg\"><\/a><\/div><div class=\"rsContent\"><a class=\"rsImg\" data-rsw=\"350\" data-rsh=\"350\" href=\"https:\/\/safecleantenerife.net\/wp-content\/uploads\/2018\/04\/6-350x350.jpg\"><\/a><\/div><div class=\"rsContent\"><a class=\"rsImg\" data-rsw=\"350\" data-rsh=\"350\" href=\"https:\/\/safecleantenerife.net\/wp-content\/uploads\/2018\/04\/5-350x350.jpg\"><\/a><\/div><div class=\"rsContent\"><a class=\"rsImg\" data-rsw=\"350\" data-rsh=\"350\" href=\"https:\/\/safecleantenerife.net\/wp-content\/uploads\/2018\/04\/4-350x350.jpg\"><\/a><\/div><div class=\"rsContent\"><a class=\"rsImg\" data-rsw=\"350\" data-rsh=\"350\" href=\"https:\/\/safecleantenerife.net\/wp-content\/uploads\/2018\/04\/3-350x350.jpg\"><\/a><\/div><div class=\"rsContent\"><a class=\"rsImg\" data-rsw=\"350\" data-rsh=\"350\" href=\"https:\/\/safecleantenerife.net\/wp-content\/uploads\/2018\/04\/2-350x350.jpg\"><\/a><\/div><\/div><img decoding=\"async\" src=\"https:\/\/safecleantenerife.net\/wp-content\/uploads\/2018\/04\/1-350x350.jpg\" alt=\"\"><\/div><div class=\"w-slider-json\" onclick='return {&quot;transitionSpeed&quot;:300,&quot;loopRewind&quot;:true,&quot;slidesSpacing&quot;:0,&quot;imageScalePadding&quot;:0,&quot;numImagesToPreload&quot;:2,&quot;arrowsNav&quot;:true,&quot;arrowsNavAutoHide&quot;:true,&quot;transitionType&quot;:&quot;fade&quot;,&quot;block&quot;:{&quot;moveEffect&quot;:&quot;none&quot;,&quot;speed&quot;:300},&quot;controlNavigation&quot;:&quot;none&quot;,&quot;autoplay&quot;:{&quot;enabled&quot;:true,&quot;pauseOnHover&quot;:true,&quot;delay&quot;:3000},&quot;imageScaleMode&quot;:&quot;fit&quot;,&quot;autoScaleSlider&quot;:true,&quot;autoScaleSliderWidth&quot;:350,&quot;autoScaleSliderHeight&quot;:350,&quot;fitInViewport&quot;:false}'><\/div><\/div><\/div><\/div><\/div><\/div><\/div><\/section>\n","protected":false},"excerpt":{"rendered":"Este servicio altamente cualificado y profesional est\u00e1 plenamente autorizado en conjunto con el Departamento de Salud Espa\u00f1ol ( Sanidad). Safeclean es la \u00fanica compa\u00f1\u00eda brit\u00e1nica legalmente autorizada para llevar a cabo Fumigaci\u00f3n y Control de Plagas y Tratamientos en Tenerife. Podemos emitir los certificados solicitados por los Gobiernos Locales para locales comerciales que se ocupan...","protected":false},"author":1,"featured_media":0,"parent":0,"menu_order":0,"comment_status":"closed","ping_status":"closed","template":"","meta":{"footnotes":""},"_links":{"self":[{"href":"https:\/\/safecleantenerife.net\/es\/wp-json\/wp\/v2\/pages\/82"}],"collection":[{"href":"https:\/\/safecleantenerife.net\/es\/wp-json\/wp\/v2\/pages"}],"about":[{"href":"https:\/\/safecleantenerife.net\/es\/wp-json\/wp\/v2\/types\/page"}],"author":[{"embeddable":true,"href":"https:\/\/safecleantenerife.net\/es\/wp-json\/wp\/v2\/users\/1"}],"replies":[{"embeddable":true,"href":"https:\/\/safecleantenerife.net\/es\/wp-json\/wp\/v2\/comments?post=82"}],"version-history":[{"count":1,"href":"https:\/\/safecleantenerife.net\/es\/wp-json\/wp\/v2\/pages\/82\/revisions"}],"predecessor-version":[{"id":83,"href":"https:\/\/safecleantenerife.net\/es\/wp-json\/wp\/v2\/pages\/82\/revisions\/83"}],"wp:attachment":[{"href":"https:\/\/safecleantenerife.net\/es\/wp-json\/wp\/v2\/media?parent=82"}],"curies":[{"name":"wp","href":"https:\/\/api.w.org\/{rel}","templated":true}]}}