{"id":60,"date":"2018-04-13T10:00:58","date_gmt":"2018-04-13T10:00:58","guid":{"rendered":"http:\/\/pestcontrol.safecleantenerife.net?page_id=60"},"modified":"2020-07-31T08:08:51","modified_gmt":"2020-07-31T08:08:51","slug":"nuestro-equipo-y-equipamiento-control-de-plagas-en-tenerife-sur","status":"publish","type":"page","link":"https:\/\/safecleantenerife.net\/es\/nuestro-equipo-y-equipamiento-control-de-plagas-en-tenerife-sur","title":{"rendered":"Nuestro Equipo y Equipamiento &#8211; Control de Plagas en Tenerife Sur"},"content":{"rendered":"<section class=\"l-section wpb_row height_medium\"><div class=\"l-section-h i-cf\"><div class=\"g-cols vc_row type_default valign_top\"><div class=\"vc_col-sm-6 wpb_column vc_column_container\"><div class=\"vc_column-inner\"><div class=\"wpb_wrapper\"><div class=\"w-separator type_invisible size_medium\"><\/div>\n\t<div class=\"wpb_text_column \">\n\t\t<div class=\"wpb_wrapper\">\n\t\t\t<section class=\"l-section wpb_row height_medium\">\n<div class=\"l-section-h i-cf\">\n<div class=\"g-cols vc_row type_default valign_top\">\n<div class=\"vc_col-sm-12 wpb_column vc_column_container\">\n<div class=\"vc_column-inner\">\n<div class=\"wpb_wrapper\">\n<div class=\"wpb_text_column \">\n<div class=\"wpb_wrapper\">\n<p>Aqu\u00ed est\u00e1 nuestro equipo de t\u00e9cnicos con una formaci\u00f3n s\u00f3lida trabajando.<\/p>\n<\/div>\n<\/div>\n<\/div>\n<\/div>\n<\/div>\n<\/div>\n<\/div>\n<\/section>\n\n\t\t<\/div>\n\t<\/div>\n\n\t<div class=\"wpb_text_column \">\n\t\t<div class=\"wpb_wrapper\">\n\t\t\t<p>Todos nuestros t\u00e9cnicos utilizan m\u00e1quinas de inyecci\u00f3n\/extracci\u00f3n KARCHER. Sof\u00e1s y alfombras sucias no son rival para esta formidable pieza de maquinaria.Potente y fiable, esto es tecnolog\u00eda Alemana y la eficiencia en su mejor estado.<\/p>\n\n\t\t<\/div>\n\t<\/div>\n\n\t<div class=\"wpb_text_column \">\n\t\t<div class=\"wpb_wrapper\">\n\t\t\t<p>Productos de Killgerm Europe y BASF The Chemical Company garantizan que todos los visitantes no deseados no tengan ninguna oportunidad contra estos pesticidas l\u00edderes en el mercado.<\/p>\n\n\t\t<\/div>\n\t<\/div>\n<div class=\"w-separator type_invisible size_medium\"><\/div><\/div><\/div><\/div><div class=\"vc_col-sm-6 wpb_column vc_column_container\"><div class=\"vc_column-inner\"><div class=\"wpb_wrapper\"><div class=\"w-gallery type_default cols_3 style_simple link_file\"><div class=\"w-gallery-list\"><a class=\"w-gallery-item order_1\" href=\"https:\/\/safecleantenerife.net\/wp-content\/uploads\/2020\/07\/safeclean-tenerife-11.41.23.jpeg\" title=\"safeclean-tenerife-11.41.23\"><div class=\"w-gallery-item-img\"><img loading=\"lazy\" decoding=\"async\" width=\"600\" height=\"600\" src=\"https:\/\/safecleantenerife.net\/wp-content\/uploads\/2020\/07\/safeclean-tenerife-11.41.23-600x600.jpeg\" class=\"attachment-us_600_600_crop size-us_600_600_crop\" alt=\"\" srcset=\"https:\/\/safecleantenerife.net\/wp-content\/uploads\/2020\/07\/safeclean-tenerife-11.41.23-600x600.jpeg 600w, https:\/\/safecleantenerife.net\/wp-content\/uploads\/2020\/07\/safeclean-tenerife-11.41.23-150x150.jpeg 150w, https:\/\/safecleantenerife.net\/wp-content\/uploads\/2020\/07\/safeclean-tenerife-11.41.23-350x350.jpeg 350w\" sizes=\"(max-width: 600px) 100vw, 600px\" \/><\/div><\/a><a class=\"w-gallery-item order_2\" href=\"https:\/\/safecleantenerife.net\/wp-content\/uploads\/2020\/07\/safeclean-tenerife-11.41.07.jpeg\" title=\"safeclean-tenerife-11.41.07\"><div class=\"w-gallery-item-img\"><img loading=\"lazy\" decoding=\"async\" width=\"600\" height=\"600\" src=\"https:\/\/safecleantenerife.net\/wp-content\/uploads\/2020\/07\/safeclean-tenerife-11.41.07-600x600.jpeg\" class=\"attachment-us_600_600_crop size-us_600_600_crop\" alt=\"\" srcset=\"https:\/\/safecleantenerife.net\/wp-content\/uploads\/2020\/07\/safeclean-tenerife-11.41.07-600x600.jpeg 600w, https:\/\/safecleantenerife.net\/wp-content\/uploads\/2020\/07\/safeclean-tenerife-11.41.07-150x150.jpeg 150w, https:\/\/safecleantenerife.net\/wp-content\/uploads\/2020\/07\/safeclean-tenerife-11.41.07-350x350.jpeg 350w\" sizes=\"(max-width: 600px) 100vw, 600px\" \/><\/div><\/a><a class=\"w-gallery-item order_3\" href=\"https:\/\/safecleantenerife.net\/wp-content\/uploads\/2020\/07\/safeclean-tenerife-11.40.37.jpeg\" title=\"safeclean-tenerife-11.40.37\"><div class=\"w-gallery-item-img\"><img loading=\"lazy\" decoding=\"async\" width=\"600\" height=\"600\" src=\"https:\/\/safecleantenerife.net\/wp-content\/uploads\/2020\/07\/safeclean-tenerife-11.40.37-600x600.jpeg\" class=\"attachment-us_600_600_crop size-us_600_600_crop\" alt=\"\" srcset=\"https:\/\/safecleantenerife.net\/wp-content\/uploads\/2020\/07\/safeclean-tenerife-11.40.37-600x600.jpeg 600w, https:\/\/safecleantenerife.net\/wp-content\/uploads\/2020\/07\/safeclean-tenerife-11.40.37-150x150.jpeg 150w, https:\/\/safecleantenerife.net\/wp-content\/uploads\/2020\/07\/safeclean-tenerife-11.40.37-350x350.jpeg 350w\" sizes=\"(max-width: 600px) 100vw, 600px\" \/><\/div><\/a><a class=\"w-gallery-item order_4\" href=\"https:\/\/safecleantenerife.net\/wp-content\/uploads\/2020\/07\/safeclean-tenerife-11.40.30.jpeg\" title=\"safeclean-tenerife-11.40.30\"><div class=\"w-gallery-item-img\"><img loading=\"lazy\" decoding=\"async\" width=\"600\" height=\"600\" src=\"https:\/\/safecleantenerife.net\/wp-content\/uploads\/2020\/07\/safeclean-tenerife-11.40.30-600x600.jpeg\" class=\"attachment-us_600_600_crop size-us_600_600_crop\" alt=\"\" srcset=\"https:\/\/safecleantenerife.net\/wp-content\/uploads\/2020\/07\/safeclean-tenerife-11.40.30-600x600.jpeg 600w, https:\/\/safecleantenerife.net\/wp-content\/uploads\/2020\/07\/safeclean-tenerife-11.40.30-150x150.jpeg 150w, https:\/\/safecleantenerife.net\/wp-content\/uploads\/2020\/07\/safeclean-tenerife-11.40.30-350x350.jpeg 350w\" sizes=\"(max-width: 600px) 100vw, 600px\" \/><\/div><\/a><a class=\"w-gallery-item order_5\" href=\"https:\/\/safecleantenerife.net\/wp-content\/uploads\/2018\/09\/WhatsApp-Image-2018-09-12-at-11.40.30.jpeg\" title=\"WhatsApp Image 2018-09-12 at 11.40.30\"><div class=\"w-gallery-item-img\"><img loading=\"lazy\" decoding=\"async\" width=\"600\" height=\"600\" src=\"https:\/\/safecleantenerife.net\/wp-content\/uploads\/2018\/09\/WhatsApp-Image-2018-09-12-at-11.40.30-600x600.jpeg\" class=\"attachment-us_600_600_crop size-us_600_600_crop\" alt=\"\" srcset=\"https:\/\/safecleantenerife.net\/wp-content\/uploads\/2018\/09\/WhatsApp-Image-2018-09-12-at-11.40.30-600x600.jpeg 600w, https:\/\/safecleantenerife.net\/wp-content\/uploads\/2018\/09\/WhatsApp-Image-2018-09-12-at-11.40.30-150x150.jpeg 150w, https:\/\/safecleantenerife.net\/wp-content\/uploads\/2018\/09\/WhatsApp-Image-2018-09-12-at-11.40.30-350x350.jpeg 350w\" sizes=\"(max-width: 600px) 100vw, 600px\" \/><\/div><\/a><a class=\"w-gallery-item order_6\" href=\"https:\/\/safecleantenerife.net\/wp-content\/uploads\/2018\/09\/WhatsApp-Image-2018-09-12-at-11.40.16.jpeg\" title=\"WhatsApp Image 2018-09-12 at 11.40.16\"><div class=\"w-gallery-item-img\"><img loading=\"lazy\" decoding=\"async\" width=\"600\" height=\"600\" src=\"https:\/\/safecleantenerife.net\/wp-content\/uploads\/2018\/09\/WhatsApp-Image-2018-09-12-at-11.40.16-600x600.jpeg\" class=\"attachment-us_600_600_crop size-us_600_600_crop\" alt=\"\" srcset=\"https:\/\/safecleantenerife.net\/wp-content\/uploads\/2018\/09\/WhatsApp-Image-2018-09-12-at-11.40.16-600x600.jpeg 600w, https:\/\/safecleantenerife.net\/wp-content\/uploads\/2018\/09\/WhatsApp-Image-2018-09-12-at-11.40.16-150x150.jpeg 150w, https:\/\/safecleantenerife.net\/wp-content\/uploads\/2018\/09\/WhatsApp-Image-2018-09-12-at-11.40.16-350x350.jpeg 350w\" sizes=\"(max-width: 600px) 100vw, 600px\" \/><\/div><\/a><\/div><\/div>\n<\/div><\/div><\/div><\/div><\/div><\/section><section class=\"l-section wpb_row height_medium\"><div class=\"l-section-h i-cf\"><div class=\"g-cols vc_row type_default valign_top\"><div class=\"vc_col-sm-12 wpb_column vc_column_container\"><div class=\"vc_column-inner\"><div class=\"wpb_wrapper\"><div class=\"w-image animate_afc d1\"><div class=\"w-image-h\"><img loading=\"lazy\" decoding=\"async\" width=\"600\" height=\"600\" src=\"https:\/\/safecleantenerife.net\/wp-content\/uploads\/2018\/04\/Nettoyeurs-par-injection-extraction-KARCHER.jpg\" class=\"attachment-full size-full\" alt=\"\" srcset=\"https:\/\/safecleantenerife.net\/wp-content\/uploads\/2018\/04\/Nettoyeurs-par-injection-extraction-KARCHER.jpg 600w, https:\/\/safecleantenerife.net\/wp-content\/uploads\/2018\/04\/Nettoyeurs-par-injection-extraction-KARCHER-150x150.jpg 150w, https:\/\/safecleantenerife.net\/wp-content\/uploads\/2018\/04\/Nettoyeurs-par-injection-extraction-KARCHER-300x300.jpg 300w, https:\/\/safecleantenerife.net\/wp-content\/uploads\/2018\/04\/Nettoyeurs-par-injection-extraction-KARCHER-350x350.jpg 350w\" sizes=\"(max-width: 600px) 100vw, 600px\" \/><\/div><\/div><\/div><\/div><\/div><\/div><\/div><\/section>\n","protected":false},"excerpt":{"rendered":"Aqu\u00ed est\u00e1 nuestro equipo de t\u00e9cnicos con una formaci\u00f3n s\u00f3lida trabajando. Todos nuestros t\u00e9cnicos utilizan m\u00e1quinas de inyecci\u00f3n\/extracci\u00f3n KARCHER. Sof\u00e1s y alfombras sucias no son rival para esta formidable pieza de maquinaria.Potente y fiable, esto es tecnolog\u00eda Alemana y la eficiencia en su mejor estado. Productos de Killgerm Europe y BASF The Chemical Company garantizan...","protected":false},"author":1,"featured_media":0,"parent":0,"menu_order":0,"comment_status":"closed","ping_status":"closed","template":"","meta":{"footnotes":""},"_links":{"self":[{"href":"https:\/\/safecleantenerife.net\/es\/wp-json\/wp\/v2\/pages\/60"}],"collection":[{"href":"https:\/\/safecleantenerife.net\/es\/wp-json\/wp\/v2\/pages"}],"about":[{"href":"https:\/\/safecleantenerife.net\/es\/wp-json\/wp\/v2\/types\/page"}],"author":[{"embeddable":true,"href":"https:\/\/safecleantenerife.net\/es\/wp-json\/wp\/v2\/users\/1"}],"replies":[{"embeddable":true,"href":"https:\/\/safecleantenerife.net\/es\/wp-json\/wp\/v2\/comments?post=60"}],"version-history":[{"count":4,"href":"https:\/\/safecleantenerife.net\/es\/wp-json\/wp\/v2\/pages\/60\/revisions"}],"predecessor-version":[{"id":6290,"href":"https:\/\/safecleantenerife.net\/es\/wp-json\/wp\/v2\/pages\/60\/revisions\/6290"}],"wp:attachment":[{"href":"https:\/\/safecleantenerife.net\/es\/wp-json\/wp\/v2\/media?parent=60"}],"curies":[{"name":"wp","href":"https:\/\/api.w.org\/{rel}","templated":true}]}}