{"id":40,"date":"2018-04-13T09:38:32","date_gmt":"2018-04-13T09:38:32","guid":{"rendered":"http:\/\/pestcontrol.safecleantenerife.net?page_id=40"},"modified":"2018-04-13T09:39:23","modified_gmt":"2018-04-13T09:39:23","slug":"limpieza-de-alfombras-en-tenerife-safeclean-tenerife","status":"publish","type":"page","link":"https:\/\/safecleantenerife.net\/es\/limpieza-de-alfombras-en-tenerife-safeclean-tenerife","title":{"rendered":"Limpieza de alfombras, colchones, sof\u00e1s y camas en el Sur de Tenerife"},"content":{"rendered":"<h3>Limpieza de alfombras, colchones, sof\u00e1s y camas en el Sur de Tenerife<\/h3>\n<p><img loading=\"lazy\" decoding=\"async\" class=\"size-medium wp-image-36 alignright\" src=\"http:\/\/pestcontrol.safecleantenerife.net\/wp-content\/uploads\/2018\/04\/aspiradora-lava-limpia-tapizados-alfombras-puzzi-100-karcher-13587-MLA3172637370_092012-O-300x210.jpg\" alt=\"\" width=\"300\" height=\"210\" srcset=\"https:\/\/safecleantenerife.net\/wp-content\/uploads\/2018\/04\/aspiradora-lava-limpia-tapizados-alfombras-puzzi-100-karcher-13587-MLA3172637370_092012-O-300x210.jpg 300w, https:\/\/safecleantenerife.net\/wp-content\/uploads\/2018\/04\/aspiradora-lava-limpia-tapizados-alfombras-puzzi-100-karcher-13587-MLA3172637370_092012-O.jpg 500w\" sizes=\"(max-width: 300px) 100vw, 300px\" \/>Los Sof\u00e1s y Muebles en general son muy caros y entendemos el cuidado necesario para limpiarlos adecuadamente, adem\u00e1s de la importancia de la limpieza de alfombras, por lo tanto, para mantener nuestros altos est\u00e1ndares todo el trabajo la realizamos nosotros mismos y no a trav\u00e9s de subcontrataci\u00f3n.<\/p>\n<p>Los productos de calidad PROCHEM EUROPE LTD de la que somos un distribuidor registrado, hace que el proceso de limpieza sea m\u00e1s f\u00e1cil y da a la tela los mejores resultados.<\/p>\n<p>Las sociedades de gesti\u00f3n y agentes utilizan nuestro servicio para mantener su nivel de est\u00e1ndares.<\/p>\n<p>Hoteles y empresas de multipropiedad en todo el norte y el sur de Tenerife usan nuestro servicio para limpiar sus muebles suaves manteniendo sus est\u00e1ndares de 5 estrellas.<\/p>\n<p>T<img loading=\"lazy\" decoding=\"async\" class=\"size-medium wp-image-37 alignleft\" src=\"http:\/\/pestcontrol.safecleantenerife.net\/wp-content\/uploads\/2018\/04\/puzzi_100_main_10-300x220.jpg\" alt=\"\" width=\"300\" height=\"220\" srcset=\"https:\/\/safecleantenerife.net\/wp-content\/uploads\/2018\/04\/puzzi_100_main_10-300x220.jpg 300w, https:\/\/safecleantenerife.net\/wp-content\/uploads\/2018\/04\/puzzi_100_main_10.jpg 500w\" sizes=\"(max-width: 300px) 100vw, 300px\" \/>ambi\u00e9n ofrecemos la limpieza de alfombras y moquetas utilizando m\u00e1quinas de inyecci\u00f3n \/ extracci\u00f3n de gran alcance. Todo nuestro personal est\u00e1 altamente cualificado y tienen una amplia experiencia en su uso.<\/p>\n<p>&nbsp;<\/p>\n<p>La mayor parte de nuestro negocio proviene del boca en boca y nos aseguramos de que nuestros clientes privados reciben el mismo nivel de trabajo y los resultados.<\/p>\n","protected":false},"excerpt":{"rendered":"<p>Limpieza de alfombras, colchones, sof\u00e1s y camas en el Sur de Tenerife Los Sof\u00e1s y Muebles en general son muy caros y entendemos el cuidado necesario para limpiarlos adecuadamente, adem\u00e1s de la importancia de la limpieza de alfombras, por lo tanto, para mantener nuestros altos est\u00e1ndares todo el trabajo la realizamos nosotros mismos y no&#8230;<\/p>\n","protected":false},"author":1,"featured_media":0,"parent":0,"menu_order":0,"comment_status":"closed","ping_status":"closed","template":"","meta":{"footnotes":""},"_links":{"self":[{"href":"https:\/\/safecleantenerife.net\/es\/wp-json\/wp\/v2\/pages\/40"}],"collection":[{"href":"https:\/\/safecleantenerife.net\/es\/wp-json\/wp\/v2\/pages"}],"about":[{"href":"https:\/\/safecleantenerife.net\/es\/wp-json\/wp\/v2\/types\/page"}],"author":[{"embeddable":true,"href":"https:\/\/safecleantenerife.net\/es\/wp-json\/wp\/v2\/users\/1"}],"replies":[{"embeddable":true,"href":"https:\/\/safecleantenerife.net\/es\/wp-json\/wp\/v2\/comments?post=40"}],"version-history":[{"count":2,"href":"https:\/\/safecleantenerife.net\/es\/wp-json\/wp\/v2\/pages\/40\/revisions"}],"predecessor-version":[{"id":42,"href":"https:\/\/safecleantenerife.net\/es\/wp-json\/wp\/v2\/pages\/40\/revisions\/42"}],"wp:attachment":[{"href":"https:\/\/safecleantenerife.net\/es\/wp-json\/wp\/v2\/media?parent=40"}],"curies":[{"name":"wp","href":"https:\/\/api.w.org\/{rel}","templated":true}]}}