{"id":92,"date":"2018-04-13T10:30:26","date_gmt":"2018-04-13T10:30:26","guid":{"rendered":"http:\/\/pestcontrol.safecleantenerife.net?page_id=92"},"modified":"2020-10-01T07:48:14","modified_gmt":"2020-10-01T07:48:14","slug":"safeclean-tenerife-schaedlingsbekaempfung-in-teneriffa-sued","status":"publish","type":"page","link":"https:\/\/safecleantenerife.net\/de\/safeclean-tenerife-schaedlingsbekaempfung-in-teneriffa-sued","title":{"rendered":"SafeClean Tenerife"},"content":{"rendered":"<section class=\"l-section wpb_row height_medium\"><div class=\"l-section-h i-cf\"><div class=\"g-cols vc_row type_default valign_top\"><div class=\"vc_col-sm-12 wpb_column vc_column_container\"><div class=\"vc_column-inner\"><div class=\"wpb_wrapper\"><div class=\"g-cols wpb_row type_default valign_top vc_inner \"><div class=\"vc_col-sm-8 wpb_column vc_column_container\"><div class=\"vc_column-inner\"><div class=\"wpb_wrapper\">\n\t<div class=\"wpb_text_column \">\n\t\t<div class=\"wpb_wrapper\">\n\t\t\t<p>Vollauf Teneriffaetabliertseit 1987 Safecleanist ein professionelles Unternehmenf\u00fcr Polsterm\u00f6bel, Teppichreinigung und Sch\u00e4dlingsbek\u00e4mpfung, das sich stolz auf seine Qualitaet und sein Service presentiert.<\/p>\n<p>Wir bieten auchReinigung von Fenstern ,Haus-und Gewerbeb\u00f6den.<\/p>\n<p>Integrit\u00e4t,Ehrlichkeitund Vertrauen sindSafecleanPhilosophie und Safecleanbehandelt seineKunden und Lieferantenin dieser Weise.<\/p>\n<p>Schaben, Ameisen und Nagetiere Teneriffa, Safeclean kann miteffektiven Behandlungendie vermehrung kontrollieren.<\/p>\n\n\t\t<\/div>\n\t<\/div>\n<\/div><\/div><\/div><div class=\"vc_col-sm-4 wpb_column vc_column_container\"><div class=\"vc_column-inner\"><div class=\"wpb_wrapper\"><div class=\"w-image align_left animate_afr d3\"><div class=\"w-image-h\"><img loading=\"lazy\" decoding=\"async\" width=\"1280\" height=\"853\" src=\"https:\/\/safecleantenerife.net\/wp-content\/uploads\/2018\/04\/ant-1127650_1280.jpg\" class=\"attachment-full size-full\" alt=\"\" srcset=\"https:\/\/safecleantenerife.net\/wp-content\/uploads\/2018\/04\/ant-1127650_1280.jpg 1280w, https:\/\/safecleantenerife.net\/wp-content\/uploads\/2018\/04\/ant-1127650_1280-300x200.jpg 300w, https:\/\/safecleantenerife.net\/wp-content\/uploads\/2018\/04\/ant-1127650_1280-768x512.jpg 768w, https:\/\/safecleantenerife.net\/wp-content\/uploads\/2018\/04\/ant-1127650_1280-1024x682.jpg 1024w\" sizes=\"(max-width: 1280px) 100vw, 1280px\" \/><\/div><\/div><\/div><\/div><\/div><\/div><div class=\"g-cols wpb_row type_default valign_top vc_inner \"><div class=\"vc_col-sm-4 wpb_column vc_column_container\"><div class=\"vc_column-inner\"><div class=\"wpb_wrapper\"><div class=\"w-image align_left animate_afr d3\"><div class=\"w-image-h\"><img loading=\"lazy\" decoding=\"async\" width=\"1280\" height=\"852\" src=\"https:\/\/safecleantenerife.net\/wp-content\/uploads\/2018\/04\/maikafer-1396520_1280.jpg\" class=\"attachment-full size-full\" alt=\"\" srcset=\"https:\/\/safecleantenerife.net\/wp-content\/uploads\/2018\/04\/maikafer-1396520_1280.jpg 1280w, https:\/\/safecleantenerife.net\/wp-content\/uploads\/2018\/04\/maikafer-1396520_1280-300x200.jpg 300w, https:\/\/safecleantenerife.net\/wp-content\/uploads\/2018\/04\/maikafer-1396520_1280-768x511.jpg 768w, https:\/\/safecleantenerife.net\/wp-content\/uploads\/2018\/04\/maikafer-1396520_1280-1024x682.jpg 1024w\" sizes=\"(max-width: 1280px) 100vw, 1280px\" \/><\/div><\/div><\/div><\/div><\/div><div class=\"vc_col-sm-8 wpb_column vc_column_container\"><div class=\"vc_column-inner\"><div class=\"wpb_wrapper\">\n\t<div class=\"wpb_text_column \">\n\t\t<div class=\"wpb_wrapper\">\n\t\t\t<p>Sch\u00e4dlingsbek\u00e4mpfung isteine gesetzliche Anforderungf\u00fcr kommerzielle geschaefte und bei Lagerungvon Lebensmitteln.<\/p>\n<p>Effektiv behandeln wirviele Wohnungenund H\u00e4user zur Mietebeseitigenalle Artenvon Sch\u00e4dlingen und geben Garantie<br \/>\nVon Hotelsbis zu H\u00e4usernerstreckt sich unserService f\u00fcr dieSitze undTeppiche,Busunternehmen, Bars, Restaurants und Boote.DieSunseekerFachh\u00e4ndler inPuertoColon istein Stammkunde.<\/p>\n<p>Safecleanbietet den bestenund wettbewerbsf\u00e4higstenService.<\/p>\n<p>AlleBereiche des Unternehmenssind v\u00f6llig legalund safeclean hatdie erforderlichen Lizenzen.<\/p>\n<p>WennSie Bedenken haben, k\u00f6nnen wir einen Termin vereinbarenoder wenn Sieein Angebot f\u00fcrdie Arbeitm\u00f6chten, z\u00f6gern Sie bitte nichtuns zu kontaktieren.<\/p>\n\n\t\t<\/div>\n\t<\/div>\n<\/div><\/div><\/div><\/div><\/div><\/div><\/div><\/div><\/div><\/section>\n","protected":false},"excerpt":{"rendered":"Vollauf Teneriffaetabliertseit 1987 Safecleanist ein professionelles Unternehmenf\u00fcr Polsterm\u00f6bel, Teppichreinigung und Sch\u00e4dlingsbek\u00e4mpfung, das sich stolz auf seine Qualitaet und sein Service presentiert. Wir bieten auchReinigung von Fenstern ,Haus-und Gewerbeb\u00f6den. Integrit\u00e4t,Ehrlichkeitund Vertrauen sindSafecleanPhilosophie und Safecleanbehandelt seineKunden und Lieferantenin dieser Weise. Schaben, Ameisen und Nagetiere Teneriffa, Safeclean kann miteffektiven Behandlungendie vermehrung kontrollieren. Sch\u00e4dlingsbek\u00e4mpfung isteine gesetzliche Anforderungf\u00fcr kommerzielle geschaefte...","protected":false},"author":1,"featured_media":0,"parent":0,"menu_order":0,"comment_status":"closed","ping_status":"closed","template":"","meta":{"footnotes":""},"_links":{"self":[{"href":"https:\/\/safecleantenerife.net\/de\/wp-json\/wp\/v2\/pages\/92"}],"collection":[{"href":"https:\/\/safecleantenerife.net\/de\/wp-json\/wp\/v2\/pages"}],"about":[{"href":"https:\/\/safecleantenerife.net\/de\/wp-json\/wp\/v2\/types\/page"}],"author":[{"embeddable":true,"href":"https:\/\/safecleantenerife.net\/de\/wp-json\/wp\/v2\/users\/1"}],"replies":[{"embeddable":true,"href":"https:\/\/safecleantenerife.net\/de\/wp-json\/wp\/v2\/comments?post=92"}],"version-history":[{"count":2,"href":"https:\/\/safecleantenerife.net\/de\/wp-json\/wp\/v2\/pages\/92\/revisions"}],"predecessor-version":[{"id":6302,"href":"https:\/\/safecleantenerife.net\/de\/wp-json\/wp\/v2\/pages\/92\/revisions\/6302"}],"wp:attachment":[{"href":"https:\/\/safecleantenerife.net\/de\/wp-json\/wp\/v2\/media?parent=92"}],"curies":[{"name":"wp","href":"https:\/\/api.w.org\/{rel}","templated":true}]}}