{"id":76,"date":"2018-04-13T10:11:26","date_gmt":"2018-04-13T10:11:26","guid":{"rendered":"http:\/\/pestcontrol.safecleantenerife.net?page_id=76"},"modified":"2023-01-10T07:42:48","modified_gmt":"2023-01-10T07:42:48","slug":"schaedlingsbekaempfung-in-teneriffa-sued","status":"publish","type":"page","link":"https:\/\/safecleantenerife.net\/de\/schaedlingsbekaempfung-in-teneriffa-sued","title":{"rendered":"Sch\u00e4dlingsbek\u00e4mpfung in Teneriffa S\u00fcd"},"content":{"rendered":"<section class=\"l-section wpb_row height_medium\"><div class=\"l-section-h i-cf\"><div class=\"g-cols vc_row type_default valign_top\"><div class=\"vc_col-sm-6 wpb_column vc_column_container\"><div class=\"vc_column-inner\"><div class=\"wpb_wrapper\"><div class=\"w-image align_left animate_afr d2\"><div class=\"w-image-h\"><img loading=\"lazy\" decoding=\"async\" width=\"388\" height=\"365\" src=\"https:\/\/safecleantenerife.net\/wp-content\/uploads\/2018\/04\/bichos1.jpg\" class=\"attachment-large size-large\" alt=\"\" srcset=\"https:\/\/safecleantenerife.net\/wp-content\/uploads\/2018\/04\/bichos1.jpg 388w, https:\/\/safecleantenerife.net\/wp-content\/uploads\/2018\/04\/bichos1-300x282.jpg 300w\" sizes=\"(max-width: 388px) 100vw, 388px\" \/><\/div><\/div><\/div><\/div><\/div><div class=\"vc_col-sm-6 wpb_column vc_column_container\"><div class=\"vc_column-inner\"><div class=\"wpb_wrapper\">\n\t<div class=\"wpb_text_column \">\n\t\t<div class=\"wpb_wrapper\">\n\t\t\t<p>Diesehoch qualifizierten undprofessionellen Service der vollst\u00e4ndig inVerbindung mitder spanischenGesundheitsbeh\u00f6rde(sanidad ) zugelassen ist.<\/p>\n<p>Safecleanist das einzigebritisch gefuehrte Unternehmen das befugt ist,Sch\u00e4dlingsbek\u00e4mpfung und Begasungund Behandlungin Teneriffadurchzuf\u00fchren.<\/p>\n<p>Wir k\u00f6nnendie von den lokalen Regierungenf\u00fcr Gesch\u00e4fteangefordertenZertifikate an geschaefte die mit lebensmittel arbeiten ausstellen.<\/p>\n<p>Die groessten Probleme, denen wirbegegnen, sindKakerlaken. Es gibt viele Artenund unterschiedlicheLebensr\u00e4ume.Die Vermehrung istschnell und eskann aus der Kontrolle geraten ohne eine fachgerechte beseitigung.<\/p>\n<p>Unsere Produkte kommenvon Branchenf\u00fchrernundsind die effektivsteauf dem Markt.Da Keineschlechten Gerueche sind ist keineNotwendigkeit,Ihr Unternehmenoder Sie zu Hausew\u00e4hrend der Behandlungzu unterbrechen.<\/p>\n\n\t\t<\/div>\n\t<\/div>\n<\/div><\/div><\/div><\/div><\/div><\/section><section class=\"l-section wpb_row height_medium\"><div class=\"l-section-h i-cf\"><div class=\"g-cols vc_row type_default valign_top\"><div class=\"vc_col-sm-6 wpb_column vc_column_container\"><div class=\"vc_column-inner\"><div class=\"wpb_wrapper\">\n\t<div class=\"wpb_text_column \">\n\t\t<div class=\"wpb_wrapper\">\n\t\t\t<p>(Unsere Techniker beraten Sie, wenn Sie Haustiere haben).<\/p>\n<p>Noch ein mal , viele Vermietungsunternehmen nutzen unseren diesen Serviceimmer wiederzusammen mit vielenBars und Restaurants.<\/p>\n<p>Alle Dienstleistungender Sch\u00e4dlingsbek\u00e4mpfung sind f\u00fcr 12 Monategarantiert.<\/p>\n<p>Allewiederkehrendennotwendigen Behandlungin garantiezeit sind kostenfrei.<\/p>\n\n\t\t<\/div>\n\t<\/div>\n<\/div><\/div><\/div><div class=\"vc_col-sm-6 wpb_column vc_column_container\"><div class=\"vc_column-inner\"><div class=\"wpb_wrapper\"><div class=\"w-slider style_none\"><div class=\"w-slider-h\"><div class=\"royalSlider\"><div class=\"rsContent\"><a class=\"rsImg\" data-rsw=\"350\" data-rsh=\"350\" href=\"https:\/\/safecleantenerife.net\/wp-content\/uploads\/2018\/04\/1-350x350.jpg\"><\/a><\/div><div class=\"rsContent\"><a class=\"rsImg\" data-rsw=\"350\" data-rsh=\"350\" href=\"https:\/\/safecleantenerife.net\/wp-content\/uploads\/2018\/04\/010-1-350x350.jpg\"><\/a><\/div><div class=\"rsContent\"><a class=\"rsImg\" data-rsw=\"350\" data-rsh=\"350\" href=\"https:\/\/safecleantenerife.net\/wp-content\/uploads\/2018\/04\/7-350x350.jpg\"><\/a><\/div><div class=\"rsContent\"><a class=\"rsImg\" data-rsw=\"350\" data-rsh=\"350\" href=\"https:\/\/safecleantenerife.net\/wp-content\/uploads\/2018\/04\/6-350x350.jpg\"><\/a><\/div><div class=\"rsContent\"><a class=\"rsImg\" data-rsw=\"350\" data-rsh=\"350\" href=\"https:\/\/safecleantenerife.net\/wp-content\/uploads\/2018\/04\/5-350x350.jpg\"><\/a><\/div><div class=\"rsContent\"><a class=\"rsImg\" data-rsw=\"350\" data-rsh=\"350\" href=\"https:\/\/safecleantenerife.net\/wp-content\/uploads\/2018\/04\/4-350x350.jpg\"><\/a><\/div><div class=\"rsContent\"><a class=\"rsImg\" data-rsw=\"350\" data-rsh=\"350\" href=\"https:\/\/safecleantenerife.net\/wp-content\/uploads\/2018\/04\/3-350x350.jpg\"><\/a><\/div><div class=\"rsContent\"><a class=\"rsImg\" data-rsw=\"350\" data-rsh=\"350\" href=\"https:\/\/safecleantenerife.net\/wp-content\/uploads\/2018\/04\/2-350x350.jpg\"><\/a><\/div><\/div><img decoding=\"async\" src=\"https:\/\/safecleantenerife.net\/wp-content\/uploads\/2018\/04\/1-350x350.jpg\" alt=\"\"><\/div><div class=\"w-slider-json\" onclick='return {&quot;transitionSpeed&quot;:300,&quot;loopRewind&quot;:true,&quot;slidesSpacing&quot;:0,&quot;imageScalePadding&quot;:0,&quot;numImagesToPreload&quot;:2,&quot;arrowsNav&quot;:true,&quot;arrowsNavAutoHide&quot;:true,&quot;transitionType&quot;:&quot;fade&quot;,&quot;block&quot;:{&quot;moveEffect&quot;:&quot;none&quot;,&quot;speed&quot;:300},&quot;controlNavigation&quot;:&quot;none&quot;,&quot;autoplay&quot;:{&quot;enabled&quot;:true,&quot;pauseOnHover&quot;:true,&quot;delay&quot;:3000},&quot;imageScaleMode&quot;:&quot;fit&quot;,&quot;autoScaleSlider&quot;:true,&quot;autoScaleSliderWidth&quot;:350,&quot;autoScaleSliderHeight&quot;:350,&quot;fitInViewport&quot;:false}'><\/div><\/div><\/div><\/div><\/div><\/div><\/div><\/section>\n","protected":false},"excerpt":{"rendered":"Diesehoch qualifizierten undprofessionellen Service der vollst\u00e4ndig inVerbindung mitder spanischenGesundheitsbeh\u00f6rde(sanidad ) zugelassen ist. Safecleanist das einzigebritisch gefuehrte Unternehmen das befugt ist,Sch\u00e4dlingsbek\u00e4mpfung und Begasungund Behandlungin Teneriffadurchzuf\u00fchren. Wir k\u00f6nnendie von den lokalen Regierungenf\u00fcr Gesch\u00e4fteangefordertenZertifikate an geschaefte die mit lebensmittel arbeiten ausstellen. Die groessten Probleme, denen wirbegegnen, sindKakerlaken. Es gibt viele Artenund unterschiedlicheLebensr\u00e4ume.Die Vermehrung istschnell und eskann aus der...","protected":false},"author":1,"featured_media":0,"parent":0,"menu_order":0,"comment_status":"closed","ping_status":"closed","template":"","meta":{"footnotes":""},"_links":{"self":[{"href":"https:\/\/safecleantenerife.net\/de\/wp-json\/wp\/v2\/pages\/76"}],"collection":[{"href":"https:\/\/safecleantenerife.net\/de\/wp-json\/wp\/v2\/pages"}],"about":[{"href":"https:\/\/safecleantenerife.net\/de\/wp-json\/wp\/v2\/types\/page"}],"author":[{"embeddable":true,"href":"https:\/\/safecleantenerife.net\/de\/wp-json\/wp\/v2\/users\/1"}],"replies":[{"embeddable":true,"href":"https:\/\/safecleantenerife.net\/de\/wp-json\/wp\/v2\/comments?post=76"}],"version-history":[{"count":1,"href":"https:\/\/safecleantenerife.net\/de\/wp-json\/wp\/v2\/pages\/76\/revisions"}],"predecessor-version":[{"id":77,"href":"https:\/\/safecleantenerife.net\/de\/wp-json\/wp\/v2\/pages\/76\/revisions\/77"}],"wp:attachment":[{"href":"https:\/\/safecleantenerife.net\/de\/wp-json\/wp\/v2\/media?parent=76"}],"curies":[{"name":"wp","href":"https:\/\/api.w.org\/{rel}","templated":true}]}}