{"id":43,"date":"2018-04-13T09:42:09","date_gmt":"2018-04-13T09:42:09","guid":{"rendered":"http:\/\/pestcontrol.safecleantenerife.net?page_id=43"},"modified":"2018-04-13T09:42:09","modified_gmt":"2018-04-13T09:42:09","slug":"reinigung-von-teppichen-matratzen-sofas-und-betten-im-sueden-von-teneriffa","status":"publish","type":"page","link":"https:\/\/safecleantenerife.net\/de\/reinigung-von-teppichen-matratzen-sofas-und-betten-im-sueden-von-teneriffa","title":{"rendered":"Reinigung von Teppichen, Matratzen, Sofas und Betten im S\u00fcden von Teneriffa"},"content":{"rendered":"<h3>Reinigung von Teppichen, Matratzen, Sofas und Betten im S\u00fcden von Teneriffa<\/h3>\n<p><img loading=\"lazy\" decoding=\"async\" class=\"size-medium wp-image-36 alignright\" src=\"http:\/\/pestcontrol.safecleantenerife.net\/wp-content\/uploads\/2018\/04\/aspiradora-lava-limpia-tapizados-alfombras-puzzi-100-karcher-13587-MLA3172637370_092012-O-300x210.jpg\" alt=\"\" width=\"300\" height=\"210\" srcset=\"https:\/\/safecleantenerife.net\/wp-content\/uploads\/2018\/04\/aspiradora-lava-limpia-tapizados-alfombras-puzzi-100-karcher-13587-MLA3172637370_092012-O-300x210.jpg 300w, https:\/\/safecleantenerife.net\/wp-content\/uploads\/2018\/04\/aspiradora-lava-limpia-tapizados-alfombras-puzzi-100-karcher-13587-MLA3172637370_092012-O.jpg 500w\" sizes=\"(max-width: 300px) 100vw, 300px\" \/><\/p>\n<p>Die SofasundM\u00f6bel im Allgemeinensind sehr teuer, und wir verstehen die Sorgef\u00fcr die ordnungsgem\u00e4\u00dfeReinigung die notwendig ist ,damitunsere hohenStandards erhalten bleiben, grund warum wir die ganze Arbeitselbst durchfuehren und nicht an subunternehmen vergeben.<\/p>\n<p>Qualit\u00e4tsprodukte Prochem EUROPE LTD fuer welche wir eineingetragener H\u00e4ndler sind , machtdie Reinigungeinfacher undverleiht dem Stoffdie besten Ergebnisse.<\/p>\n<p>Verwaltungsgesellschaftenund Agenturennutzen auch unseren Service, um ihre Standards zu halten.<\/p>\n<p>Hotelsund Timesharing-Unternehmen imNorden undS\u00fcden von Teneriffa nutzen unseren delikaten Service f\u00fcr IhrePolsterm\u00f6bel,undpflegen so ihreStandardsvon 5 Sternen.<\/p>\n<p><img loading=\"lazy\" decoding=\"async\" class=\"size-medium wp-image-37 alignleft\" src=\"http:\/\/pestcontrol.safecleantenerife.net\/wp-content\/uploads\/2018\/04\/puzzi_100_main_10-300x220.jpg\" alt=\"\" width=\"300\" height=\"220\" srcset=\"https:\/\/safecleantenerife.net\/wp-content\/uploads\/2018\/04\/puzzi_100_main_10-300x220.jpg 300w, https:\/\/safecleantenerife.net\/wp-content\/uploads\/2018\/04\/puzzi_100_main_10.jpg 500w\" sizes=\"(max-width: 300px) 100vw, 300px\" \/>Wir bieten auch leistungsstarke Teppich-ReinigungsmaschinenmitInjektion\/Extraktion,Alle unsere Mitarbeitersind hoch qualifiziert undverf\u00fcgen \u00fcber umfangreiche Erfahrungin der Anwendung.<\/p>\n<p>Die meisten unserer geschaftskunden bekamen wir von Mund zuMund propaganda ,und wir stellen sicher, dass unsere privatenKunden das gleiche Ma\u00df anArbeitund Ergebnissen erhalten.<\/p>\n","protected":false},"excerpt":{"rendered":"<p>Reinigung von Teppichen, Matratzen, Sofas und Betten im S\u00fcden von Teneriffa Die SofasundM\u00f6bel im Allgemeinensind sehr teuer, und wir verstehen die Sorgef\u00fcr die ordnungsgem\u00e4\u00dfeReinigung die notwendig ist ,damitunsere hohenStandards erhalten bleiben, grund warum wir die ganze Arbeitselbst durchfuehren und nicht an subunternehmen vergeben. Qualit\u00e4tsprodukte Prochem EUROPE LTD fuer welche wir eineingetragener H\u00e4ndler sind , machtdie&#8230;<\/p>\n","protected":false},"author":1,"featured_media":0,"parent":0,"menu_order":0,"comment_status":"closed","ping_status":"closed","template":"","meta":{"footnotes":""},"_links":{"self":[{"href":"https:\/\/safecleantenerife.net\/de\/wp-json\/wp\/v2\/pages\/43"}],"collection":[{"href":"https:\/\/safecleantenerife.net\/de\/wp-json\/wp\/v2\/pages"}],"about":[{"href":"https:\/\/safecleantenerife.net\/de\/wp-json\/wp\/v2\/types\/page"}],"author":[{"embeddable":true,"href":"https:\/\/safecleantenerife.net\/de\/wp-json\/wp\/v2\/users\/1"}],"replies":[{"embeddable":true,"href":"https:\/\/safecleantenerife.net\/de\/wp-json\/wp\/v2\/comments?post=43"}],"version-history":[{"count":1,"href":"https:\/\/safecleantenerife.net\/de\/wp-json\/wp\/v2\/pages\/43\/revisions"}],"predecessor-version":[{"id":44,"href":"https:\/\/safecleantenerife.net\/de\/wp-json\/wp\/v2\/pages\/43\/revisions\/44"}],"wp:attachment":[{"href":"https:\/\/safecleantenerife.net\/de\/wp-json\/wp\/v2\/media?parent=43"}],"curies":[{"name":"wp","href":"https:\/\/api.w.org\/{rel}","templated":true}]}}