{"id":120,"date":"2018-04-13T10:57:47","date_gmt":"2018-04-13T10:57:47","guid":{"rendered":"http:\/\/pestcontrol.safecleantenerife.net?page_id=120"},"modified":"2020-10-01T06:52:00","modified_gmt":"2020-10-01T06:52:00","slug":"home","status":"publish","type":"page","link":"https:\/\/safecleantenerife.net\/de","title":{"rendered":"Home"},"content":{"rendered":"<section class=\"l-section wpb_row height_auto width_full\"><div class=\"l-section-h i-cf\"><div class=\"g-cols vc_row type_default valign_top\"><div class=\"vc_col-sm-12 wpb_column vc_column_container\"><div class=\"vc_column-inner\"><div class=\"wpb_wrapper\">[rev_slider_vc alias=&#8221;home&#8221;]<\/div><\/div><\/div><\/div><\/div><\/section><section class=\"l-section wpb_row height_medium\"><div class=\"l-section-h i-cf\"><div class=\"g-cols vc_row type_default valign_top\"><div class=\"vc_col-sm-4 wpb_column vc_column_container\"><div class=\"vc_column-inner\"><div class=\"wpb_wrapper\"><div class=\"w-iconbox iconpos_top style_default color_primary no_text icontype_img\"><a class=\"w-iconbox-link\" href=\"http:\/\/pestcontrol.safecleantenerife.net\/carpet-cleaning-in-tenerife-safeclean-tenerife\"><div class=\"w-iconbox-icon\" style=\"font-size:200px;\"><img loading=\"lazy\" decoding=\"async\" src=\"https:\/\/safecleantenerife.net\/wp-content\/uploads\/2018\/04\/Nettoyeurs-par-injection-extraction-KARCHER-1.jpg\" width=\"600\" height=\"600\" alt=\"REINIGUNG SOFAS \/ TEPPICHE\"><\/div><h4 class=\"w-iconbox-title\">REINIGUNG SOFAS \/ TEPPICHE<\/h4><\/a><\/div><\/div><\/div><\/div><div class=\"vc_col-sm-4 wpb_column vc_column_container\"><div class=\"vc_column-inner\"><div class=\"wpb_wrapper\"><div class=\"w-iconbox iconpos_top style_default color_primary no_text icontype_img\"><a class=\"w-iconbox-link\" href=\"http:\/\/pestcontrol.safecleantenerife.net\/pest-control-in-south-tenerife\"><div class=\"w-iconbox-icon\" style=\"font-size:200px;\"><img loading=\"lazy\" decoding=\"async\" src=\"https:\/\/safecleantenerife.net\/wp-content\/uploads\/2018\/04\/PEST-CONTROL.jpg\" width=\"200\" height=\"200\" alt=\"SCH\u00c4DLINGSBEK\u00c4MPFUNG\"><\/div><h4 class=\"w-iconbox-title\">SCH\u00c4DLINGSBEK\u00c4MPFUNG<\/h4><\/a><\/div><\/div><\/div><\/div><div class=\"vc_col-sm-4 wpb_column vc_column_container\"><div class=\"vc_column-inner\"><div class=\"wpb_wrapper\"><div class=\"w-iconbox iconpos_top style_default color_primary no_text icontype_img\"><a class=\"w-iconbox-link\" href=\"http:\/\/pestcontrol.safecleantenerife.net\/safeclean-tenerife-pest-control-in-tenerife-south\"><div class=\"w-iconbox-icon\" style=\"font-size:200px;\"><img loading=\"lazy\" decoding=\"async\" src=\"https:\/\/safecleantenerife.net\/wp-content\/uploads\/2018\/04\/THE-TEAM-.jpg\" width=\"200\" height=\"200\" alt=\"DAS TEAM\"><\/div><h4 class=\"w-iconbox-title\">DAS TEAM<\/h4><\/a><\/div><\/div><\/div><\/div><\/div><\/div><\/section><section class=\"l-section wpb_row height_medium color_alternate\"><div class=\"l-section-h i-cf\"><div class=\"g-cols vc_row type_default valign_top\"><div class=\"vc_col-sm-3 wpb_column vc_column_container\"><div class=\"vc_column-inner\"><div class=\"wpb_wrapper\">[vc_empty_space]<\/div><\/div><\/div><div class=\"vc_col-sm-6 wpb_column vc_column_container\"><div class=\"vc_column-inner\"><div class=\"wpb_wrapper\">\n\t<div class=\"wpb_text_column \">\n\t\t<div class=\"wpb_wrapper\">\n\t\t\t<h4>Sie k\u00f6nnen uns in Ihrer Sprache per Telefon oder E-Mail kontaktieren und uns auf Facebook finden.<\/h4>\n<p><img loading=\"lazy\" decoding=\"async\" class=\"wp-image-6296 size-full aligncenter\" src=\"https:\/\/safecleantenerife.net\/wp-content\/uploads\/2020\/10\/contact.png\" alt=\"\" width=\"486\" height=\"71\" srcset=\"https:\/\/safecleantenerife.net\/wp-content\/uploads\/2020\/10\/contact.png 486w, https:\/\/safecleantenerife.net\/wp-content\/uploads\/2020\/10\/contact-300x44.png 300w\" sizes=\"(max-width: 486px) 100vw, 486px\" \/><\/p>\n\n\t\t<\/div>\n\t<\/div>\n<div class=\"g-cols wpb_row type_default valign_top vc_inner \"><div class=\"vc_col-sm-8 wpb_column vc_column_container\"><div class=\"vc_column-inner\"><div class=\"wpb_wrapper\">\n\t<div class=\"wpb_text_column \">\n\t\t<div class=\"wpb_wrapper\">\n\t\t\t<h5 style=\"text-align: right;\"><strong><em>Folge uns:<\/em><\/strong><\/h5>\n\n\t\t<\/div>\n\t<\/div>\n<\/div><\/div><\/div><div class=\"vc_col-sm-4 wpb_column vc_column_container\"><div class=\"vc_column-inner\"><div class=\"wpb_wrapper\"><div class=\"w-socials align_left style_default color_brand\" style=\"font-size:20px;\"><div class=\"w-socials-list\"><div class=\"w-socials-item facebook\"><a class=\"w-socials-item-link\" target=\"_blank\" href=\"https:\/\/www.facebook.com\/Safeclean-Pest-Control-Cleaning-CarpetSofa-in-South-Tenerife-278005399075099\/?ref=bookmarks\" aria-label=\"Facebook\" rel=\"nofollow\"><span class=\"w-socials-item-link-hover\"><\/span><\/a><div class=\"w-socials-item-popup\"><span>Facebook<\/span><\/div><\/div><\/div><\/div><\/div><\/div><\/div><\/div><\/div><\/div><\/div><div class=\"vc_col-sm-3 wpb_column vc_column_container\"><div class=\"vc_column-inner\"><div class=\"wpb_wrapper\">[vc_empty_space]<\/div><\/div><\/div><\/div><\/div><\/section>\n","protected":false},"excerpt":{"rendered":"[rev_slider_vc alias=\"home\"]REINIGUNG SOFAS \/ TEPPICHESCH\u00c4DLINGSBEK\u00c4MPFUNGDAS TEAM[vc_empty_space] Sie k\u00f6nnen uns in Ihrer Sprache per Telefon oder E-Mail kontaktieren und uns auf Facebook finden. Folge uns: Facebook[vc_empty_space]","protected":false},"author":1,"featured_media":0,"parent":0,"menu_order":0,"comment_status":"closed","ping_status":"closed","template":"","meta":{"footnotes":""},"_links":{"self":[{"href":"https:\/\/safecleantenerife.net\/de\/wp-json\/wp\/v2\/pages\/120"}],"collection":[{"href":"https:\/\/safecleantenerife.net\/de\/wp-json\/wp\/v2\/pages"}],"about":[{"href":"https:\/\/safecleantenerife.net\/de\/wp-json\/wp\/v2\/types\/page"}],"author":[{"embeddable":true,"href":"https:\/\/safecleantenerife.net\/de\/wp-json\/wp\/v2\/users\/1"}],"replies":[{"embeddable":true,"href":"https:\/\/safecleantenerife.net\/de\/wp-json\/wp\/v2\/comments?post=120"}],"version-history":[{"count":5,"href":"https:\/\/safecleantenerife.net\/de\/wp-json\/wp\/v2\/pages\/120\/revisions"}],"predecessor-version":[{"id":6298,"href":"https:\/\/safecleantenerife.net\/de\/wp-json\/wp\/v2\/pages\/120\/revisions\/6298"}],"wp:attachment":[{"href":"https:\/\/safecleantenerife.net\/de\/wp-json\/wp\/v2\/media?parent=120"}],"curies":[{"name":"wp","href":"https:\/\/api.w.org\/{rel}","templated":true}]}}